{"id":705,"date":"2023-08-22T21:28:03","date_gmt":"2023-08-22T21:28:03","guid":{"rendered":"https:\/\/galerie-gutermuth.ch\/?page_id=705"},"modified":"2024-07-04T12:26:13","modified_gmt":"2024-07-04T12:26:13","slug":"impressum","status":"publish","type":"page","link":"https:\/\/galerie-gutermuth.ch\/en\/impressum\/","title":{"rendered":"Imprint"},"content":{"rendered":"<p>[et_pb_section fb_built=&#8220;1&#8243; _builder_version=&#8220;4.21.0&#8243; _module_preset=&#8220;default&#8220; background_color=&#8220;#F3F2F0&#8243; custom_margin=&#8220;||||false|false&#8220; custom_padding=&#8220;0px|0px|0px|0px|false|false&#8220; global_colors_info=&#8220;{}&#8220;][et_pb_row custom_padding_last_edited=&#8220;on|desktop&#8220; _builder_version=&#8220;4.22.1&#8243; _module_preset=&#8220;default&#8220; width=&#8220;100%&#8220; max_width=&#8220;100%&#8220; custom_margin=&#8220;||||false|false&#8220; custom_padding=&#8220;|50px||50px|false|false&#8220; custom_padding_tablet=&#8220;|20px||20px|false|false&#8220; custom_padding_phone=&#8220;|20px|||false|false&#8220; global_colors_info=&#8220;{}&#8220;][et_pb_column type=&#8220;4_4&#8243; _builder_version=&#8220;4.21.0&#8243; _module_preset=&#8220;default&#8220; global_colors_info=&#8220;{}&#8220;][et_pb_image src=&#8220;https:\/\/galerie-gutermuth.ch\/wp-content\/uploads\/2023\/07\/G_Logo_schwarz.svg&#8220; title_text=&#8220;G_Logo_schwarz&#8220; url=&#8220;@ET-DC@eyJkeW5hbWljIjp0cnVlLCJjb250ZW50IjoicG9zdF9saW5rX3VybF9wYWdlIiwic2V0dGluZ3MiOnsicG9zdF9pZCI6IjgyMiJ9fQ==@&#8220; admin_label=&#8220;Logo&#8220; _builder_version=&#8220;4.23.1&#8243; _dynamic_attributes=&#8220;url&#8220; _module_preset=&#8220;default&#8220; background_color=&#8220;RGBA(255,255,255,0)&#8220; width=&#8220;7%&#8220; width_tablet=&#8220;13%&#8220; width_phone=&#8220;18%&#8220; width_last_edited=&#8220;on|tablet&#8220; height=&#8220;85px&#8220; custom_margin=&#8220;14px|||-1px|false|false&#8220; custom_margin_tablet=&#8220;0px||||false|false&#8220; custom_margin_phone=&#8220;0px||||false|false&#8220; custom_margin_last_edited=&#8220;on|phone&#8220; custom_padding=&#8220;0px|||0px|false|false&#8220; global_module=&#8220;213&#8243; saved_tabs=&#8220;all&#8220; global_colors_info=&#8220;{}&#8220;][\/et_pb_image][et_pb_menu active_link_color=&#8220;#413E39&#8243; dropdown_menu_line_color=&#8220;#9B958A&#8220; cart_icon_color=&#8220;#9B958A&#8220; search_icon_color=&#8220;#9B958A&#8220; menu_icon_color=&#8220;#9B958A&#8220; menu_icon_color_tablet=&#8220;#413E39&#8243; menu_icon_color_phone=&#8220;&#8220; menu_icon_color_last_edited=&#8220;on|tablet&#8220; _builder_version=&#8220;4.23.1&#8243; _module_preset=&#8220;default&#8220; background_enable_color=&#8220;off&#8220; custom_margin=&#8220;|||0px|false|false&#8220; custom_margin_tablet=&#8220;-140px||||false|false&#8220; custom_margin_phone=&#8220;-120px||||false|false&#8220; custom_margin_last_edited=&#8220;on|phone&#8220; custom_padding=&#8220;9px||||false|false&#8220; custom_padding_tablet=&#8220;||||false|false&#8220; custom_padding_phone=&#8220;&#8220; custom_padding_last_edited=&#8220;on|tablet&#8220; global_module=&#8220;623&#8243; global_colors_info=&#8220;{}&#8220;][\/et_pb_menu][\/et_pb_column][\/et_pb_row][et_pb_row column_structure=&#8220;1_4,3_4&#8243; custom_padding_last_edited=&#8220;on|desktop&#8220; admin_label=&#8220;Bild 1&#8243; _builder_version=&#8220;4.21.0&#8243; _module_preset=&#8220;default&#8220; background_enable_color=&#8220;off&#8220; background_enable_image=&#8220;off&#8220; width=&#8220;100%&#8220; max_width=&#8220;100%&#8220; custom_margin=&#8220;||||false|false&#8220; custom_padding=&#8220;|50px||50px|false|false&#8220; custom_padding_tablet=&#8220;|20px||20px|false|false&#8220; custom_padding_phone=&#8220;|20px|||false|false&#8220; hover_transition_speed_curve=&#8220;ease-in-out&#8220; scroll_fade=&#8220;0|50|50|100|20%|100|100&#8243; scroll_fade_tablet=&#8220;0|50|50|100|20%|100|100&#8243; scroll_fade_phone=&#8220;0|50|50|100|20%|100|100&#8243; scroll_fade_last_edited=&#8220;on|phone&#8220; global_colors_info=&#8220;{}&#8220;][et_pb_column type=&#8220;1_4&#8243; _builder_version=&#8220;4.21.0&#8243; _module_preset=&#8220;default&#8220; global_colors_info=&#8220;{}&#8220;][et_pb_text admin_label=&#8220;Titel&#8220; _builder_version=&#8220;4.22.1&#8243; _module_preset=&#8220;56cd2a79-148c-4e54-8a44-8b5ecad240b4&#8243; global_colors_info=&#8220;{}&#8220;]<\/p>\n<h3>Imprint<\/h3>\n<p>&nbsp;<\/p>\n<p>[\/et_pb_text][\/et_pb_column][et_pb_column type=&#8220;3_4&#8243; _builder_version=&#8220;4.21.0&#8243; _module_preset=&#8220;default&#8220; background_enable_color=&#8220;off&#8220; background_enable_image=&#8220;off&#8220; custom_padding=&#8220;0px||||false|false&#8220; global_colors_info=&#8220;{}&#8220;][et_pb_text _builder_version=&#8220;4.22.1&#8243; _module_preset=&#8220;56cd2a79-148c-4e54-8a44-8b5ecad240b4&#8243; custom_css_main_element=&#8220;\/*text-align:justify;||margin-top: 1.8ex;||   column-count: 2; column-gap:3em;column-width: 200px;*\/&#8220; global_colors_info=&#8220;{}&#8220;]<\/p>\n<h3 class=\"p1\">Contact address<\/h3>\n<p class=\"p1\">Galerie Gutermuth GmbH<br \/>c\/o Galerie Katapult<br \/>St. Johanns-Vorstadt 35<br \/>4056 Basel<br \/>Switzerland<\/p>\n<p class=\"p3\"><a href=\"mailto:mail@galerie-gutermuth.ch\" target=\"_blank\" rel=\"noopener\">mail@galerie-gutermuth.ch<\/a><\/p>\n<h3 class=\"p1\">Authorized to represent<\/h3>\n<p class=\"p1\">Elisa Stefanie Gutermuth, Managing Director<\/p>\n<h3 class=\"p4\">Disclaimer<\/h3>\n<p class=\"p1\">Galerie Gutermuth GmbH reserves the right not to be responsible for the topicality, correctness, completeness or quality of the information provided.<\/p>\n<p class=\"p5\"><b><\/b><\/p>\n<p class=\"p4\">Liability claims regarding damage caused by the use of any information provided, including any kind of information which is incomplete or incorrect, will therefore be rejected.<\/p>\n<p class=\"p5\"><b><\/b><\/p>\n<p class=\"p4\">References and links to other Internet sites are outside the responsibility of Galerie Gutermuth GmbH.<\/p>\n<h3 class=\"p4\">Copyrights<\/h3>\n<p class=\"p4\">The copyrights and all other rights to the content, images, photos or other files on this website belong exclusively to Galerie Gutermuth GmbH or the specifically named rights holders. For the reproduction of any elements, the written consent of the rights holder must be obtained in advance.<\/p>\n<p>[\/et_pb_text][\/et_pb_column][\/et_pb_row][\/et_pb_section]<\/p>","protected":false},"excerpt":{"rendered":"<p>Impressum &nbsp;Kontakt-Adresse Galerie Gutermuth GmbHc\/o Galerie KatapultSt. Johanns-Vorstadt 354056 BaselSchweiz mail@galerie-gutermuth.ch Vertretungsberechtigte Person Elisa Stefanie Gutermuth, Gesch\u00e4ftsf\u00fchrerin Haftungsausschluss Galerie Gutermuth GmbH \u00fcbernimmt keinerlei Gew\u00e4hr hinsichtlich der inhaltlichen Richtigkeit, Genauigkeit, Aktualit\u00e4t, Zuverl\u00e4ssigkeit und Vollst\u00e4ndigkeit der Informationen. Haftungsanspr\u00fcche gegen Galerie Gutermuth GmbH wegen Sch\u00e4den materieller oder immaterieller Art, welche aus dem Zugriff der ver\u00f6ffentlichten Informationen entstanden sind,\u00a0 [&hellip;]<\/p>","protected":false},"author":1,"featured_media":0,"parent":0,"menu_order":0,"comment_status":"closed","ping_status":"closed","template":"","meta":{"_et_pb_use_builder":"on","_et_pb_old_content":"","_et_gb_content_width":"","inline_featured_image":false,"footnotes":""},"class_list":["post-705","page","type-page","status-publish","hentry"],"_links":{"self":[{"href":"https:\/\/galerie-gutermuth.ch\/en\/wp-json\/wp\/v2\/pages\/705","targetHints":{"allow":["GET"]}}],"collection":[{"href":"https:\/\/galerie-gutermuth.ch\/en\/wp-json\/wp\/v2\/pages"}],"about":[{"href":"https:\/\/galerie-gutermuth.ch\/en\/wp-json\/wp\/v2\/types\/page"}],"author":[{"embeddable":true,"href":"https:\/\/galerie-gutermuth.ch\/en\/wp-json\/wp\/v2\/users\/1"}],"replies":[{"embeddable":true,"href":"https:\/\/galerie-gutermuth.ch\/en\/wp-json\/wp\/v2\/comments?post=705"}],"version-history":[{"count":8,"href":"https:\/\/galerie-gutermuth.ch\/en\/wp-json\/wp\/v2\/pages\/705\/revisions"}],"predecessor-version":[{"id":959,"href":"https:\/\/galerie-gutermuth.ch\/en\/wp-json\/wp\/v2\/pages\/705\/revisions\/959"}],"wp:attachment":[{"href":"https:\/\/galerie-gutermuth.ch\/en\/wp-json\/wp\/v2\/media?parent=705"}],"curies":[{"name":"wp","href":"https:\/\/api.w.org\/{rel}","templated":true}]}}