{"id":1323,"date":"2024-08-26T19:04:19","date_gmt":"2024-08-26T19:04:19","guid":{"rendered":"https:\/\/galerie-gutermuth.ch\/?page_id=1323"},"modified":"2024-08-26T20:46:13","modified_gmt":"2024-08-26T20:46:13","slug":"jahresrueck-und-ausblick","status":"publish","type":"page","link":"https:\/\/galerie-gutermuth.ch\/en\/jahresrueck-und-ausblick\/","title":{"rendered":"23|24 Review of the year and outlook"},"content":{"rendered":"<p>[et_pb_section fb_built=&#8220;1&#8243; _builder_version=&#8220;4.21.0&#8243; _module_preset=&#8220;default&#8220; background_color=&#8220;#F3F2F0&#8243; custom_margin=&#8220;||||false|false&#8220; custom_padding=&#8220;0px|0px|0px|0px|false|false&#8220; global_colors_info=&#8220;{}&#8220;][et_pb_row custom_padding_last_edited=&#8220;on|desktop&#8220; _builder_version=&#8220;4.22.1&#8243; _module_preset=&#8220;default&#8220; width=&#8220;100%&#8220; max_width=&#8220;100%&#8220; custom_margin=&#8220;||||false|false&#8220; custom_padding=&#8220;|50px||50px|false|false&#8220; custom_padding_tablet=&#8220;|20px||20px|false|false&#8220; custom_padding_phone=&#8220;|20px|||false|false&#8220; global_colors_info=&#8220;{}&#8220;][et_pb_column type=&#8220;4_4&#8243; _builder_version=&#8220;4.21.0&#8243; _module_preset=&#8220;default&#8220; global_colors_info=&#8220;{}&#8220;][et_pb_image src=&#8220;https:\/\/galerie-gutermuth.ch\/wp-content\/uploads\/2023\/07\/G_Logo_schwarz.svg&#8220; title_text=&#8220;G_Logo_schwarz&#8220; url=&#8220;@ET-DC@eyJkeW5hbWljIjp0cnVlLCJjb250ZW50IjoicG9zdF9saW5rX3VybF9wYWdlIiwic2V0dGluZ3MiOnsicG9zdF9pZCI6IjgyMiJ9fQ==@&#8220; admin_label=&#8220;Logo&#8220; _builder_version=&#8220;4.23.1&#8243; _dynamic_attributes=&#8220;url&#8220; _module_preset=&#8220;default&#8220; background_color=&#8220;RGBA(255,255,255,0)&#8220; width=&#8220;7%&#8220; width_tablet=&#8220;13%&#8220; width_phone=&#8220;18%&#8220; width_last_edited=&#8220;on|tablet&#8220; height=&#8220;85px&#8220; custom_margin=&#8220;14px|||-1px|false|false&#8220; custom_margin_tablet=&#8220;0px||||false|false&#8220; custom_margin_phone=&#8220;0px||||false|false&#8220; custom_margin_last_edited=&#8220;on|phone&#8220; custom_padding=&#8220;0px|||0px|false|false&#8220; global_module=&#8220;213&#8243; saved_tabs=&#8220;all&#8220; global_colors_info=&#8220;{}&#8220;][\/et_pb_image][et_pb_menu active_link_color=&#8220;#413E39&#8243; dropdown_menu_line_color=&#8220;#9B958A&#8220; cart_icon_color=&#8220;#9B958A&#8220; search_icon_color=&#8220;#9B958A&#8220; menu_icon_color=&#8220;#9B958A&#8220; menu_icon_color_tablet=&#8220;#413E39&#8243; menu_icon_color_phone=&#8220;&#8220; menu_icon_color_last_edited=&#8220;on|tablet&#8220; _builder_version=&#8220;4.23.1&#8243; _module_preset=&#8220;default&#8220; background_enable_color=&#8220;off&#8220; custom_margin=&#8220;|||0px|false|false&#8220; custom_margin_tablet=&#8220;-140px||||false|false&#8220; custom_margin_phone=&#8220;-120px||||false|false&#8220; custom_margin_last_edited=&#8220;on|phone&#8220; custom_padding=&#8220;9px||||false|false&#8220; custom_padding_tablet=&#8220;||||false|false&#8220; custom_padding_phone=&#8220;&#8220; custom_padding_last_edited=&#8220;on|tablet&#8220; global_module=&#8220;623&#8243; global_colors_info=&#8220;{}&#8220;][\/et_pb_menu][et_pb_text _builder_version=&#8220;4.27.0&#8243; _module_preset=&#8220;56cd2a79-148c-4e54-8a44-8b5ecad240b4&#8243; custom_padding=&#8220;40px|||0px|false|false&#8220; custom_padding_tablet=&#8220;80px||||false|false&#8220; custom_padding_phone=&#8220;80px||||false|false&#8220; custom_padding_last_edited=&#8220;on|tablet&#8220; global_colors_info=&#8220;{}&#8220;]<\/p>\n<h1><span style=\"font-size: 30px;\">ONE<\/span><\/h1>\n<h3>GALERIE GUTERMUTH CELEBRATES ITS BIRTHDAY!<\/h3>\n<p class=\"p1\">30\/08\/2024 | Summer aperitif | 17 pm<\/p>\n<p>[\/et_pb_text][\/et_pb_column][\/et_pb_row][et_pb_row column_structure=&#8220;3_5,2_5&#8243; custom_padding_last_edited=&#8220;on|phone&#8220; _builder_version=&#8220;4.22.1&#8243; _module_preset=&#8220;default&#8220; width=&#8220;100%&#8220; max_width=&#8220;100%&#8220; custom_padding=&#8220;|50px||50px|false|false&#8220; custom_padding_tablet=&#8220;|20px||20px|false|false&#8220; custom_padding_phone=&#8220;|20px||20px|false|false&#8220; global_colors_info=&#8220;{}&#8220;][et_pb_column type=&#8220;3_5&#8243; _builder_version=&#8220;4.22.1&#8243; _module_preset=&#8220;default&#8220; global_colors_info=&#8220;{}&#8220;][et_pb_text _builder_version=&#8220;4.27.0&#8243; _module_preset=&#8220;56cd2a79-148c-4e54-8a44-8b5ecad240b4&#8243; min_height=&#8220;465px&#8220; custom_padding=&#8220;79px|||0px|false|false&#8220; global_colors_info=&#8220;{}&#8220;]<strong>Dear friends of Galerie Gutermuth <\/strong><strong>von Galerie Gutermuth<\/strong><\/p>\n<p>&nbsp;<\/p>\n<p>In August last year, I opened a small gallery for architecture, design and art at St. Johanns-Vorstadt 35 in Basel. In four exhibitions since then, I have tried to capture the points of contact between the various disciplines in pictures and objects as well as in stories about beauty and simplicity, people and their designed surroundings. <span class=\"Apple-converted-space\">\u00a0<\/span> <span class=\"Apple-converted-space\">\u00a0<\/span><\/p>\n<p>I would like to review the first year of the gallery with you and cordially invite you to join me on Friday, 30 August 2024 from 5 p.m. for a summer aperitif to close the current exhibition \u2018Werner Bischof\u2019 and to view some exhibits from past exhibitions. A comprehensive review with texts and pictures is summarised in an annual catalogue, which will hopefully be available to view and take away in the gallery in time for the festival.<\/p>\n<p>&nbsp;<\/p>\n<p><strong>Thanks<\/strong><\/p>\n<p>Ich danke<span class=\"Apple-converted-space\">\u00a0 <\/span>Alexander Wagner, Raymond Meier, Ron und Tom Pfalzberger und Marco Bischof (Sohn von Werner Bischof) mit deren Vertrauen und Offenheit die Ausstellungskonzeptionen Realit\u00e4t wurden.<span class=\"Apple-converted-space\">\u00a0<\/span><\/p>\n<p>I would also like to thank all those in the background who helped to organise the exhibitions: I would like to mention Alexander Wagner, who accompanied me from the very first idea and was instrumental and tireless in shaping the content of the exhibitions. I would also like to thank Tosca Giovanoli from the unique Raymond Meier photo studio for her patience in answering my questions and for her commitment in all organisational matters. Eva Meier, daughter of Raymond Meier, helped with the translation of some of the texts into English. I would like to thank Karin Voser from vitra for the loan of the Akari lamps, which provided an atmospheric setting during the Werner Bischof exhibition. Sibylle Diehl took great care in making the filigree frames for the Badile and Werner Bischof exhibitions.<span class=\"Apple-converted-space\">\u00a0 <\/span>Ausstellungen Badile und Werner Bischof.<span class=\"Apple-converted-space\">\u00a0<\/span><\/p>\n<p>&nbsp;<\/p>\n<p><strong>Future outlook<\/strong><\/p>\n<p>After this eventful and exciting year, I am taking a break to make new contacts, gather ideas and develop concepts for upcoming exhibitions. I am therefore saying goodbye to St. Johanns-Vorstadt 35 - this historic and beautiful location at the entrance to Basel's old town - where you, dear readers, have allowed me to have interesting encounters and stimulating conversations. I hope to be back soon with a new programme.<\/p>\n<p>&nbsp;<\/p>\n<p>Until then, I wish you a pleasant late summer<span class=\"Apple-converted-space\">\u00a0<\/span><br \/>\nand send you my warmest regards<\/p>\n<p>&nbsp;<\/p>\n<p>Elisa Gutermuth<\/p>\n<p>&nbsp;[\/et_pb_text][\/et_pb_column][et_pb_column type=&#8220;2_5&#8243; _builder_version=&#8220;4.22.1&#8243; _module_preset=&#8220;default&#8220; global_colors_info=&#8220;{}&#8220;][et_pb_image src=&#8220;https:\/\/galerie-gutermuth.ch\/wp-content\/uploads\/2024\/08\/Elisa.jpg&#8220; title_text=&#8220;Elisa&#8220; _builder_version=&#8220;4.27.0&#8243; _module_preset=&#8220;default&#8220; custom_padding=&#8220;154px|||||&#8220; global_colors_info=&#8220;{}&#8220;][\/et_pb_image][\/et_pb_column][\/et_pb_row][et_pb_row column_structure=&#8220;3_5,2_5&#8243; custom_padding_last_edited=&#8220;on|desktop&#8220; admin_label=&#8220;Bild 1&#8243; _builder_version=&#8220;4.27.0&#8243; _module_preset=&#8220;default&#8220; background_enable_color=&#8220;off&#8220; background_enable_image=&#8220;off&#8220; width=&#8220;100%&#8220; max_width=&#8220;100%&#8220; custom_margin=&#8220;||||false|false&#8220; custom_padding=&#8220;|50px||50px|false|false&#8220; custom_padding_tablet=&#8220;|20px||20px|false|false&#8220; custom_padding_phone=&#8220;|20px|||false|false&#8220; hover_transition_speed_curve=&#8220;ease-in-out&#8220; scroll_fade=&#8220;0|25|25|50|20%|100|100&#8243; scroll_fade_tablet=&#8220;0|50|50|100|20%|100|100&#8243; scroll_fade_phone=&#8220;0|50|50|100|20%|100|100&#8243; scroll_fade_last_edited=&#8220;on|phone&#8220; global_colors_info=&#8220;{}&#8220;][et_pb_column type=&#8220;3_5&#8243; _builder_version=&#8220;4.21.0&#8243; _module_preset=&#8220;default&#8220; global_colors_info=&#8220;{}&#8220;][et_pb_text admin_label=&#8220;Titel&#8220; _builder_version=&#8220;4.27.0&#8243; _module_preset=&#8220;56cd2a79-148c-4e54-8a44-8b5ecad240b4&#8243; text_line_height=&#8220;1em&#8220; min_height=&#8220;616px&#8220; custom_margin=&#8220;0px||25px|0px|false|false&#8220; hover_enabled=&#8220;0&#8243; global_colors_info=&#8220;{}&#8220; sticky_enabled=&#8220;0&#8243;]<\/p>\n<p><strong>Exhibition overview 2023 | 2024<\/strong><\/p>\n<p><strong><\/strong><\/p>\n<p><strong><\/strong><\/p>\n<p><strong><\/strong><\/p>\n<p><strong>Past Exhibitions<\/strong><\/p>\n<p>08.2023<span class=\"Apple-converted-space\">\u00a0 <\/span>&#8211;<span class=\"Apple-converted-space\">\u00a0 <\/span>11.2023<\/p>\n<h1><a href=\"https:\/\/galerie-gutermuth.ch\/en\/brasilia\/\">BRAS<\/a>\u00ed<a href=\"https:\/\/galerie-gutermuth.ch\/en\/brasilia\/\">LIA<\/a><\/h1>\n<h3>7 PICTURES<\/h3>\n<p>Buildings by Oscar Niemeyer - photographed by Alexander Wagner<\/p>\n<p>&nbsp;<\/p>\n<p>12.2023<span class=\"Apple-converted-space\">\u00a0 <\/span>&#8211;<span class=\"Apple-converted-space\">\u00a0 <\/span>03.2024<\/p>\n<h1><a href=\"https:\/\/galerie-gutermuth.ch\/en\/badile\/\">BADILE<\/a><\/h1>\n<p>Photographed by Raymond Meier<\/p>\n<p>&nbsp;<\/p>\n<p>04.2024<span class=\"Apple-converted-space\">\u00a0 <\/span>&#8211;<span class=\"Apple-converted-space\">\u00a0 <\/span>05.2024<\/p>\n<h1><a href=\"https:\/\/galerie-gutermuth.ch\/en\/pfalzberger\/\">PFALZBERGER<\/a><\/h1>\n<h3>'DIE GUTE FORM'<\/h3>\n<p>Awarded furniture design<\/p>\n<p>&nbsp;<\/p>\n<p>&nbsp;<\/p>\n<p><strong>Current Exhibition<\/strong><\/p>\n<p>06.2024<span class=\"Apple-converted-space\">\u00a0 <\/span>&#8211;<span class=\"Apple-converted-space\">\u00a0 <\/span>08.2024<\/p>\n<h1><a href=\"https:\/\/galerie-gutermuth.ch\/en\/wernerbischof\/\">WERNER BISCHOF<\/a><\/h1>\n<h3>LONGING FOR TRADITION AND BEAUTY JAPAN 1951\/1952<\/h3>\n<p>with Akari Light Sculptures by Isamu Noguchi<\/p>\n<p>&nbsp;<\/p>\n<p>&nbsp;<\/p>\n<p>[\/et_pb_text][\/et_pb_column][et_pb_column type=&#8220;2_5&#8243; _builder_version=&#8220;4.21.0&#8243; _module_preset=&#8220;default&#8220; background_enable_color=&#8220;off&#8220; background_enable_image=&#8220;off&#8220; custom_padding=&#8220;0px||||false|false&#8220; global_colors_info=&#8220;{}&#8220;][\/et_pb_column][\/et_pb_row][et_pb_row custom_padding_last_edited=&#8220;on|desktop&#8220; disabled_on=&#8220;off|off|off&#8220; admin_label=&#8220;Bild 2&#8243; _builder_version=&#8220;4.22.0&#8243; _module_preset=&#8220;default&#8220; background_enable_color=&#8220;off&#8220; background_enable_image=&#8220;off&#8220; width=&#8220;100%&#8220; max_width=&#8220;100%&#8220; min_height=&#8220;272px&#8220; custom_margin=&#8220;||||false|false&#8220; custom_padding=&#8220;|50px||50px|false|false&#8220; custom_padding_tablet=&#8220;|20px||20px|false|false&#8220; custom_padding_phone=&#8220;|20px|||false|false&#8220; hover_transition_speed_curve=&#8220;ease-in-out&#8220; scroll_fade=&#8220;0|20|20|45|50%|50%|99%&#8220; scroll_fade_tablet=&#8220;0|50|50|100|20%|100|100&#8243; scroll_fade_phone=&#8220;0|50|50|100|20%|100|100&#8243; scroll_fade_last_edited=&#8220;on|desktop&#8220; global_colors_info=&#8220;{}&#8220;][et_pb_column type=&#8220;4_4&#8243; _builder_version=&#8220;4.21.0&#8243; _module_preset=&#8220;default&#8220; global_colors_info=&#8220;{}&#8220;][et_pb_image src=&#8220;https:\/\/galerie-gutermuth.ch\/wp-content\/uploads\/2024\/08\/Gruppenbild.png&#8220; title_text=&#8220;Gruppenbild&#8220; _builder_version=&#8220;4.27.0&#8243; _module_preset=&#8220;default&#8220; global_colors_info=&#8220;{}&#8220;][\/et_pb_image][\/et_pb_column][\/et_pb_row][\/et_pb_section]<\/p>","protected":false},"excerpt":{"rendered":"<p>EINS GALERIE GUTERMUTH FEIERT GEBURTSTAG! 30.08.2024 | Sommerap\u00e9ro | 17 UhrLiebe Freundinnen und Freunde von Galerie Gutermuth &nbsp; Im August letzten Jahres er\u00f6ffnete ich in der St. Johanns-Vorstadt 35 in Basel eine kleine Galerie f\u00fcr Architektur, Gestaltung und Kunst. In seither vier Ausstellungen versuchte ich die Ber\u00fchrungspunkte der verschiedenen Disziplinen in Bildern und Objekten sowie [&hellip;]<\/p>","protected":false},"author":1,"featured_media":0,"parent":0,"menu_order":0,"comment_status":"closed","ping_status":"closed","template":"","meta":{"_et_pb_use_builder":"on","_et_pb_old_content":"","_et_gb_content_width":"","inline_featured_image":false,"footnotes":""},"class_list":["post-1323","page","type-page","status-publish","hentry"],"_links":{"self":[{"href":"https:\/\/galerie-gutermuth.ch\/en\/wp-json\/wp\/v2\/pages\/1323","targetHints":{"allow":["GET"]}}],"collection":[{"href":"https:\/\/galerie-gutermuth.ch\/en\/wp-json\/wp\/v2\/pages"}],"about":[{"href":"https:\/\/galerie-gutermuth.ch\/en\/wp-json\/wp\/v2\/types\/page"}],"author":[{"embeddable":true,"href":"https:\/\/galerie-gutermuth.ch\/en\/wp-json\/wp\/v2\/users\/1"}],"replies":[{"embeddable":true,"href":"https:\/\/galerie-gutermuth.ch\/en\/wp-json\/wp\/v2\/comments?post=1323"}],"version-history":[{"count":17,"href":"https:\/\/galerie-gutermuth.ch\/en\/wp-json\/wp\/v2\/pages\/1323\/revisions"}],"predecessor-version":[{"id":1377,"href":"https:\/\/galerie-gutermuth.ch\/en\/wp-json\/wp\/v2\/pages\/1323\/revisions\/1377"}],"wp:attachment":[{"href":"https:\/\/galerie-gutermuth.ch\/en\/wp-json\/wp\/v2\/media?parent=1323"}],"curies":[{"name":"wp","href":"https:\/\/api.w.org\/{rel}","templated":true}]}}